{"id":12543,"date":"2025-03-18T12:32:34","date_gmt":"2025-03-18T04:32:34","guid":{"rendered":"https:\/\/fass.nus.edu.sg\/elts\/?page_id=12543"},"modified":"2025-03-18T12:33:39","modified_gmt":"2025-03-18T04:33:39","slug":"jseae1_2_2023","status":"publish","type":"page","link":"https:\/\/fass.nus.edu.sg\/elts\/journal-of-southeast-asian-ecocriticism\/jseae1_2_2023\/","title":{"rendered":"Volume 1, Issue 2 (2023)"},"content":{"rendered":"\r\n<h4>Volume 1, Issue 2 (2023)<\/h4>\r\n<p><strong>Table of Contents\u00a0 \u00a0\u00a0<\/strong><a href=\"https:\/\/drive.google.com\/file\/d\/1gL6B5lKxjWmzfP0IHnImjXoeyHihuo7h\/view?usp=share_link\" target=\"_blank\" rel=\"noopener\">PDF<\/a> \u00a0\u00a0<a href=\"https:\/\/drive.google.com\/file\/d\/1yF-R-HATK0kL5l4PDIYe1HsQcdjxtiZl\/view?usp=share_link\" target=\"_blank\" rel=\"noopener\">Download Full Issue<\/a><\/p>\r\n<p><strong>Editorial Note \u00a0\u00a0 <\/strong><a href=\"https:\/\/drive.google.com\/file\/d\/1rtV8GpdWBsvwO8GXEThGyu__vt78eAlg\/view?usp=share_link\" target=\"_blank\" rel=\"noopener\">PDF<\/a><\/p>\r\n<p>&nbsp;<\/p>\r\n<p><strong>Articles<\/strong><\/p>\r\n<p>Reading Eating Chilli Crab in the Anthropocene as an Eco-activist Text<br \/><em>Gayatri Thanu Pillai<br \/><\/em><a href=\"https:\/\/drive.google.com\/file\/d\/1HYTQ7bf_9Z7os4Luf5gATU5br_GFqS1E\/view?usp=share_link\" target=\"_blank\" rel=\"noopener\">PDF<\/a> Nourished by Nature: An Ecocritical Take on Filipino Food<br \/><em>Loren Evangelista Agaloos<\/em><br \/><a href=\"https:\/\/drive.google.com\/file\/d\/1eLuo0qgfcrDG-cRThegqRupqN0V7xxFD\/view?usp=share_link\" target=\"_blank\" rel=\"noopener\">PDF<\/a> Bread, Hauntings, and Other Stories from a Tropical Place: Examining Heat and Temperature as Conduits for Place-Making in the Selected Fiction of Nick Joaquin and N.V.M. Gonz\u00e1lez<br \/><em>Thomas Leonard Shaw<br \/><\/em><a href=\"https:\/\/drive.google.com\/file\/d\/1ueSSg4FlTNbyYj6i2lQeXvKrXdc6Lp5E\/view?usp=share_link\" target=\"_blank\" rel=\"noopener\">PDF<\/a> Tr\u1ea7n \u0110\u0103ng Khoa&#8217;s \u0110\u1ea3o ch\u00ecm Tr\u01b0\u1eddng Sa &#8211; from the Perspective of Humanistic Eco-criticism<br \/><em>Nguyen Thi Mai Lien<\/em><br \/><a href=\"https:\/\/drive.google.com\/file\/d\/1oTTXSiO3306LhA9l4u7aVul_of2c_d9B\/view?usp=share_link\" target=\"_blank\" rel=\"noopener\">PDF<\/a> Re-narrating the Folk Legend of Jaomae Nang Norn: Human-nature Contact between Local Ecological Spiritualities and Buddhist Hybridity<i><br \/><\/i><em>Wasinee Sutiwipakorn Topoonyanont and Rachel V. Harrison<\/em><br \/><a href=\"https:\/\/drive.google.com\/file\/d\/1Za-ieUTVCNYF2oFB018OWClkTbEves4w\/view?usp=share_link\" target=\"_blank\" rel=\"noopener\">PDF<\/a> Speaking of\/for the IPs: Indigenous Peoples, the Limits of Literary Practices, and Possible Ways Out\u00a0<i><br \/>Bernard Julian Pati\u00f1o<br \/><\/i><a href=\"https:\/\/drive.google.com\/file\/d\/1AQBi42jnaLl6y_JBjThyb9soHWFzXf4z\/view?usp=share_link\" target=\"_blank\" rel=\"noopener\">PDF<\/a> a steering to homes, or toward a migratory consciousness in ecocriticism<br \/><em>Rina Garcia Chua<br \/><\/em><a href=\"https:\/\/drive.google.com\/file\/d\/1_Wn6dKDH4RY7R58kJD6s13iCiqNl5hcx\/view?usp=share_link\" target=\"_blank\" rel=\"noopener\">PDF<\/a><em><br \/><\/em><\/p>\r\n<p><strong>Review<\/strong><\/p>\r\n<p><em>Revenge of Gaia<br \/><\/em>Compiled and translated by Chi P. Pham and Chitra Sankaran Penguin Random House SEA 2021<br \/><em>Lucy Van<\/em><br \/><a href=\"https:\/\/drive.google.com\/file\/d\/1IPxcPcKpBSGe_BS5ZDP4Y3ZJIOKR3bJt\/view?usp=share_link\" target=\"_blank\" rel=\"noopener\">PDF<\/a><\/p>\r\n<p>&nbsp;<\/p>\r\n<p><strong>Creative Works<\/strong><\/p>\r\n<p>Satellite<br \/><em>Erika Carreon<br \/><\/em><a href=\"https:\/\/drive.google.com\/file\/d\/1Esnx7NBC62uHDVPe-P-W2J6xKo53HwII\/view?usp=share_link\" target=\"_blank\" rel=\"noopener\">PDF<\/a> Tuwing Dumadalaw ang Dagat<br \/><em>Eljay Deldoc<br \/><\/em><a href=\"https:\/\/drive.google.com\/file\/d\/1rAjEme6vghoIe5zqdz7nK3VSaNngHkfB\/view?usp=share_link\" target=\"_blank\" rel=\"noopener\">PDF<\/a> Whenever the Sea Is Our Guest (Tuwing Dumadalaw ang Dagat)<br \/><em>Translated by Lawrence Bernabe<br \/><\/em><a href=\"https:\/\/drive.google.com\/file\/d\/1mhKvaQL2yTK9mUs4az2egLIcRelj3C8b\/view?usp=share_link\" target=\"_blank\" rel=\"noopener\">PDF<\/a> What They Expect from Us<br \/><em>Elvis Galasinao, Jr.<br \/><\/em><a href=\"https:\/\/drive.google.com\/file\/d\/1F6R0qxvM0_yfMnM20AHIhUH8SBNCb_DC\/view?usp=share_link\" target=\"_blank\" rel=\"noopener\">PDF<\/a> H E A T W A V E<br \/><em>Ian Salva\u00f1a<br \/><\/em><a href=\"https:\/\/drive.google.com\/file\/d\/13QTwQXdVmrBgfD7c1a6eAaaD5aHehXV8\/view?usp=share_link\" target=\"_blank\" rel=\"noopener\">PDF<\/a> Suite of Poems<br \/><em>Brylle B. Tabora<\/em><br \/><a href=\"https:\/\/drive.google.com\/file\/d\/1TkNwCtQgYJuOdLoiYhBcWg9-twO1OB2w\/view?usp=share_link\" target=\"_blank\" rel=\"noopener\">PDF<\/a> FUSARIUM WILT<br \/><em>Jamie Gabrielle Uy<\/em><br \/><a href=\"https:\/\/drive.google.com\/file\/d\/18jwhb_uks29zT7BXUNN1FZJfZqNAwgjp\/view?usp=share_link\" target=\"_blank\" rel=\"noopener\">PDF<\/a><\/p>\r\n<p>&nbsp;<\/p>\r\n<p><strong>Bionotes\u00a0 <\/strong>\u00a0<a href=\"https:\/\/drive.google.com\/file\/d\/1vf5_PM6IHIMrGHtefsMhl0zKvhgC23q4\/view?usp=share_link\" target=\"_blank\" rel=\"noopener\">PDF<\/a><\/p>\r\n","protected":false},"excerpt":{"rendered":"<p>Volume 1, Issue 2 (2023) Table of Contents\u00a0 \u00a0\u00a0PDF \u00a0\u00a0Download Full Issue Editorial Note \u00a0\u00a0 PDF &nbsp; Articles Reading Eating Chilli Crab in the Anthropocene as an Eco-activist TextGayatri Thanu PillaiPDF Nourished by Nature: An Ecocritical Take on Filipino FoodLoren Evangelista AgaloosPDF Bread, Hauntings, and Other Stories from a Tropical Place: Examining Heat and Temperature as Conduits for Place-Making in the Selected Fiction of Nick Joaquin and N.V.M. Gonz\u00e1lezThomas Leonard ShawPDF Tr\u1ea7n \u0110\u0103ng Khoa&#8217;s \u0110\u1ea3o ch\u00ecm Tr\u01b0\u1eddng Sa &#8211; from the Perspective of Humanistic Eco-criticismNguyen Thi Mai LienPDF Re-narrating the Folk Legend of Jaomae Nang Norn: Human-nature Contact between Local Ecological Spiritualities and Buddhist HybridityWasinee Sutiwipakorn Topoonyanont and Rachel V. HarrisonPDF Speaking of\/for the IPs: Indigenous Peoples, the Limits of Literary Practices, and Possible Ways Out\u00a0Bernard Julian Pati\u00f1oPDF a steering to homes, or toward a migratory consciousness in ecocriticismRina Garcia ChuaPDF Review Revenge of GaiaCompiled and translated by Chi P. Pham and Chitra Sankaran Penguin Random House SEA 2021Lucy VanPDF &nbsp; Creative Works SatelliteErika CarreonPDF Tuwing Dumadalaw ang DagatEljay DeldocPDF Whenever the Sea Is Our Guest (Tuwing Dumadalaw ang Dagat)Translated by Lawrence BernabePDF What They Expect from UsElvis Galasinao, Jr.PDF H E A T W A V EIan Salva\u00f1aPDF Suite [&hellip;]<\/p>\n","protected":false},"author":44,"featured_media":0,"parent":1772,"menu_order":0,"comment_status":"closed","ping_status":"closed","template":"","meta":{"_acf_changed":false,"site-sidebar-layout":"no-sidebar","site-content-layout":"page-builder","ast-site-content-layout":"full-width-container","site-content-style":"unboxed","site-sidebar-style":"unboxed","ast-global-header-display":"","ast-banner-title-visibility":"","ast-main-header-display":"","ast-hfb-above-header-display":"","ast-hfb-below-header-display":"","ast-hfb-mobile-header-display":"","site-post-title":"disabled","ast-breadcrumbs-content":"","ast-featured-img":"disabled","footer-sml-layout":"","theme-transparent-header-meta":"default","adv-header-id-meta":"","stick-header-meta":"","header-above-stick-meta":"","header-main-stick-meta":"","header-below-stick-meta":"","astra-migrate-meta-layouts":"set","ast-page-background-enabled":"default","ast-page-background-meta":{"desktop":{"background-color":"","background-image":"","background-repeat":"repeat","background-position":"center center","background-size":"auto","background-attachment":"scroll","background-type":"","background-media":"","overlay-type":"","overlay-color":"","overlay-opacity":"","overlay-gradient":""},"tablet":{"background-color":"","background-image":"","background-repeat":"repeat","background-position":"center center","background-size":"auto","background-attachment":"scroll","background-type":"","background-media":"","overlay-type":"","overlay-color":"","overlay-opacity":"","overlay-gradient":""},"mobile":{"background-color":"","background-image":"","background-repeat":"repeat","background-position":"center center","background-size":"auto","background-attachment":"scroll","background-type":"","background-media":"","overlay-type":"","overlay-color":"","overlay-opacity":"","overlay-gradient":""}},"ast-content-background-meta":{"desktop":{"background-color":"var(--ast-global-color-5)","background-image":"","background-repeat":"repeat","background-position":"center center","background-size":"auto","background-attachment":"scroll","background-type":"","background-media":"","overlay-type":"","overlay-color":"","overlay-opacity":"","overlay-gradient":""},"tablet":{"background-color":"var(--ast-global-color-5)","background-image":"","background-repeat":"repeat","background-position":"center center","background-size":"auto","background-attachment":"scroll","background-type":"","background-media":"","overlay-type":"","overlay-color":"","overlay-opacity":"","overlay-gradient":""},"mobile":{"background-color":"var(--ast-global-color-5)","background-image":"","background-repeat":"repeat","background-position":"center center","background-size":"auto","background-attachment":"scroll","background-type":"","background-media":"","overlay-type":"","overlay-color":"","overlay-opacity":"","overlay-gradient":""}},"footnotes":""},"class_list":["post-12543","page","type-page","status-publish","hentry"],"acf":[],"_links":{"self":[{"href":"https:\/\/fass.nus.edu.sg\/elts\/wp-json\/wp\/v2\/pages\/12543","targetHints":{"allow":["GET"]}}],"collection":[{"href":"https:\/\/fass.nus.edu.sg\/elts\/wp-json\/wp\/v2\/pages"}],"about":[{"href":"https:\/\/fass.nus.edu.sg\/elts\/wp-json\/wp\/v2\/types\/page"}],"author":[{"embeddable":true,"href":"https:\/\/fass.nus.edu.sg\/elts\/wp-json\/wp\/v2\/users\/44"}],"replies":[{"embeddable":true,"href":"https:\/\/fass.nus.edu.sg\/elts\/wp-json\/wp\/v2\/comments?post=12543"}],"version-history":[{"count":2,"href":"https:\/\/fass.nus.edu.sg\/elts\/wp-json\/wp\/v2\/pages\/12543\/revisions"}],"predecessor-version":[{"id":12545,"href":"https:\/\/fass.nus.edu.sg\/elts\/wp-json\/wp\/v2\/pages\/12543\/revisions\/12545"}],"up":[{"embeddable":true,"href":"https:\/\/fass.nus.edu.sg\/elts\/wp-json\/wp\/v2\/pages\/1772"}],"wp:attachment":[{"href":"https:\/\/fass.nus.edu.sg\/elts\/wp-json\/wp\/v2\/media?parent=12543"}],"curies":[{"name":"wp","href":"https:\/\/api.w.org\/{rel}","templated":true}]}}