{"id":218,"date":"2020-09-15T03:31:42","date_gmt":"2020-09-15T03:31:42","guid":{"rendered":"https:\/\/fass.nus.edu.sg\/methods-school\/?page_id=218"},"modified":"2025-01-16T10:24:38","modified_gmt":"2025-01-16T02:24:38","slug":"instructors","status":"publish","type":"page","link":"https:\/\/fass.nus.edu.sg\/methods-school\/instructors\/","title":{"rendered":"Instructors"},"content":{"rendered":"\n<h1>\n\t\tInstructors\n\t<\/h1>\n\t<p>All Methods School\u00a0<a href=\"https:\/\/fass.nus.edu.sg\/methods-school\/courses\/\">courses<\/a>\u00a0are taught by outstanding and highly experienced international faculty from leading universities in the U.S., Europe, and Australia.<\/p>\n<p>The instructors are not only experts in the field of quantitative, qualitative, and formal social science research methods, but have years of experience in teaching their respective Methods School courses. They have successfully taught these courses at their respective home institutions as well as various methods training programs around the globe, such as the\u00a0<a href=\"https:\/\/www.icpsr.umich.edu\/\" target=\"_blank\" rel=\"noopener\">ICPSR<\/a>\u00a0Summer Program in Quantitative Methods of Social Research, the\u00a0<a href=\"http:\/\/www.essex.ac.uk\/\" target=\"_blank\" rel=\"noopener\">Essex<\/a>\u00a0Summer School in Social Science Data Analysis, the\u00a0<a href=\"http:\/\/www.eitminstitute.org\/\" target=\"_blank\" rel=\"noopener\">EITM Summer Institutes<\/a>, the Institute for Political Methodology in Taiwan, the Institute of Qualitative and Multi-Method Research at\u00a0<a href=\"http:\/\/syr.edu\/\" target=\"_blank\" rel=\"noopener\">Syracuse University<\/a>, the Social Science Methods, Analysis, and Research Training (SSMART) workshop at the\u00a0<a href=\"http:\/\/sydney.edu.au\/\" target=\"_blank\" rel=\"noopener\">University of Sydney<\/a>, the Global School in Empirical Research Methods at the\u00a0<a href=\"https:\/\/www.unisg.ch\/en\" target=\"_blank\" rel=\"noopener\">University of St. Gallen<\/a>, the ECPR Summer and Winter School in\u00a0<a href=\"https:\/\/www.uni-bamberg.de\/\" target=\"_blank\" rel=\"noopener\">Bamberg<\/a>,\u00a0<a href=\"https:\/\/www.ceu.edu\/\" target=\"_blank\" rel=\"noopener\">Budapest<\/a>, <a href=\"https:\/\/www.kuleuven.be\/english\/\" target=\"_blank\" rel=\"noopener\">Leuven<\/a>, <a href=\"http:\/\/www.uni-lj.si\/\" target=\"_blank\" rel=\"noopener\">Ljubljana<\/a>, and\u00a0<a href=\"http:\/\/www.univie.ac.at\/\" target=\"_blank\" rel=\"noopener\">Vienna<\/a>, and the IPSA Summer Schools in\u00a0<a href=\"http:\/\/www.metu.edu.tr\/\" target=\"_blank\" rel=\"noopener\">Ankara<\/a>,\u00a0<a href=\"http:\/\/www.flacso.edu.mx\/\" target=\"_blank\" rel=\"noopener\">Mexico City<\/a>,\u00a0<a href=\"http:\/\/www5.usp.br\/\" target=\"_blank\" rel=\"noopener\">S\u00e3o Paulo<\/a>,\u00a0<a href=\"http:\/\/www.sun.ac.za\/\" target=\"_blank\" rel=\"noopener\">Stellenbosch<\/a>,\u00a0<a href=\"https:\/\/www.hse.ru\/en\/\" target=\"_blank\" rel=\"noopener\">St. Petersburg<\/a>, and\u00a0<a href=\"http:\/\/www.iep.tn\/\" target=\"_blank\" rel=\"noopener\">Tunis<\/a>.<\/p>\n<p>&nbsp;<\/p>\n\t<form method='post' id='form-people-filter'><div class='row'><div class='col-12 people-filter'><div class='filter-label'>Filter by: <\/div><input type='text' class='form-control' name='peopletext' id='peopletext' oninput='javascript:submitPeopleForm();' value='' placeholder='Search by Name\/Keywords'\/><div class='filter-specialisation'><\/div><\/div><\/div><input type=\"submit\" id=\"search-submit\" style=\"display: none;\"\/><input type=\"hidden\" value=\"85dc418595\" name=\"people_nonce\" id=\"people_nonce\" \/><input type=\"hidden\" value=\"people_filter_ajax\" name=\"people_ajax_action\" id=\"people_ajax_action\" \/><input type=\"hidden\" value=current-faculty name=\"people_category\" id=\"people_category\" \/><\/form>\n\t<div id='people-listing-widget'><div class='fl-col col-sm-12 col-xs-12 col-12 col-md-6 col-lg-4 people-listing-block'><div class='people-profile-block'><a href='https:\/\/fass.nus.edu.sg\/methods-school\/people\/adam-henry\/'><div class='people-image'><img src='https:\/\/fass.nus.edu.sg\/methods-school\/wp-content\/uploads\/sites\/34\/2021\/02\/instructor_henry.jpg'\/><\/div><br\/><div class='people-name'>Adam Douglas Henry<\/div><div class='people-designation'>Network Analysis<\/div><\/a><\/div><\/div><div class='fl-col col-sm-12 col-xs-12 col-12 col-md-6 col-lg-4 people-listing-block'><div class='people-profile-block'><a href='https:\/\/fass.nus.edu.sg\/methods-school\/people\/amy-phua\/'><div class='people-image'><img src='https:\/\/fass.nus.edu.sg\/methods-school\/wp-content\/uploads\/sites\/34\/2026\/02\/amy-profile-.jpg'\/><\/div><br\/><div class='people-name'>Amy Phua<\/div><div class='people-designation'>Doing Ethnography<\/div><\/a><\/div><\/div><div class='fl-col col-sm-12 col-xs-12 col-12 col-md-6 col-lg-4 people-listing-block'><div class='people-profile-block'><a href='https:\/\/fass.nus.edu.sg\/methods-school\/people\/3048-2\/'><div class='people-image'><img src='https:\/\/fass.nus.edu.sg\/methods-school\/wp-content\/uploads\/sites\/34\/2025\/01\/clara-profile-photo-v2-scaled.jpeg'\/><\/div><br\/><div class='people-name'>Clara Lee<\/div><div class='people-designation'>Survey Research<\/div><\/a><\/div><\/div><div class='fl-col col-sm-12 col-xs-12 col-12 col-md-6 col-lg-4 people-listing-block'><div class='people-profile-block'><a href='https:\/\/fass.nus.edu.sg\/methods-school\/people\/dani-madrid-morales\/'><div class='people-image'><img src='https:\/\/fass.nus.edu.sg\/methods-school\/wp-content\/uploads\/sites\/34\/2021\/02\/photograph_dmm-e1674096168209.png'\/><\/div><br\/><div class='people-name'>Dani Madrid-Morales<\/div><div class='people-designation'>Quantitative Text Analysis<\/div><\/a><\/div><\/div><div class='fl-col col-sm-12 col-xs-12 col-12 col-md-6 col-lg-4 people-listing-block'><div class='people-profile-block'><a href='https:\/\/fass.nus.edu.sg\/methods-school\/people\/elvin-xing-yifu\/'><div class='people-image'><img src='https:\/\/fass.nus.edu.sg\/methods-school\/wp-content\/uploads\/sites\/34\/2025\/02\/Elvin-Xing-1.jpg'\/><\/div><br\/><div class='people-name'>Elvin Xing Yifu<\/div><div class='people-designation'>Interviews and Focus Groups<\/div><\/a><\/div><\/div><div class='fl-col col-sm-12 col-xs-12 col-12 col-md-6 col-lg-4 people-listing-block'><div class='people-profile-block'><a href='https:\/\/fass.nus.edu.sg\/methods-school\/people\/marie-helene-pare\/'><div class='people-image'><img src='https:\/\/fass.nus.edu.sg\/methods-school\/wp-content\/uploads\/sites\/34\/2022\/06\/instructor_pare.jpg'\/><\/div><br\/><div class='people-name'>Marie-H\u00e9l\u00e8ne Par\u00e9<\/div><div class='people-designation'>Qualitative Data Analysis<\/div><\/a><\/div><\/div><div class='fl-col col-sm-12 col-xs-12 col-12 col-md-6 col-lg-4 people-listing-block'><div class='people-profile-block'><a href='https:\/\/fass.nus.edu.sg\/methods-school\/people\/risa-toha\/'><div class='people-image'><img src='https:\/\/fass.nus.edu.sg\/methods-school\/wp-content\/uploads\/sites\/34\/2024\/01\/20220810toha0284-1-scaled.jpg'\/><\/div><br\/><div class='people-name'>Risa Toha<\/div><div class='people-designation'>Introduction to Research Design<\/div><\/a><\/div><\/div><\/div>\n\n","protected":false},"excerpt":{"rendered":"<p>Courses: Introduction to Research Design (2026, 2025), Research Design in Social Sciences (2024) Risa Toha is an Associate Professor of Political Science at Wake Forest University. Previously, she was an Assistant Professor at Yale-NUS College.\u00a0 She completed her undergraduate studies at Princeton University, where she majored in the Woodrow Wilson School of Public and International [&hellip;]<\/p>\n","protected":false},"author":247,"featured_media":0,"parent":0,"menu_order":0,"comment_status":"closed","ping_status":"closed","template":"","meta":{"_acf_changed":false,"site-sidebar-layout":"no-sidebar","site-content-layout":"page-builder","ast-site-content-layout":"full-width-container","site-content-style":"unboxed","site-sidebar-style":"unboxed","ast-global-header-display":"","ast-banner-title-visibility":"","ast-main-header-display":"","ast-hfb-above-header-display":"","ast-hfb-below-header-display":"","ast-hfb-mobile-header-display":"","site-post-title":"disabled","ast-breadcrumbs-content":"","ast-featured-img":"disabled","footer-sml-layout":"","theme-transparent-header-meta":"default","adv-header-id-meta":"","stick-header-meta":"","header-above-stick-meta":"","header-main-stick-meta":"","header-below-stick-meta":"","astra-migrate-meta-layouts":"set","ast-page-background-enabled":"default","ast-page-background-meta":{"desktop":{"background-color":"","background-image":"","background-repeat":"repeat","background-position":"center center","background-size":"auto","background-attachment":"scroll","background-type":"","background-media":"","overlay-type":"","overlay-color":"","overlay-opacity":"","overlay-gradient":""},"tablet":{"background-color":"","background-image":"","background-repeat":"repeat","background-position":"center center","background-size":"auto","background-attachment":"scroll","background-type":"","background-media":"","overlay-type":"","overlay-color":"","overlay-opacity":"","overlay-gradient":""},"mobile":{"background-color":"","background-image":"","background-repeat":"repeat","background-position":"center center","background-size":"auto","background-attachment":"scroll","background-type":"","background-media":"","overlay-type":"","overlay-color":"","overlay-opacity":"","overlay-gradient":""}},"ast-content-background-meta":{"desktop":{"background-color":"var(--ast-global-color-5)","background-image":"","background-repeat":"repeat","background-position":"center center","background-size":"auto","background-attachment":"scroll","background-type":"","background-media":"","overlay-type":"","overlay-color":"","overlay-opacity":"","overlay-gradient":""},"tablet":{"background-color":"var(--ast-global-color-5)","background-image":"","background-repeat":"repeat","background-position":"center center","background-size":"auto","background-attachment":"scroll","background-type":"","background-media":"","overlay-type":"","overlay-color":"","overlay-opacity":"","overlay-gradient":""},"mobile":{"background-color":"var(--ast-global-color-5)","background-image":"","background-repeat":"repeat","background-position":"center center","background-size":"auto","background-attachment":"scroll","background-type":"","background-media":"","overlay-type":"","overlay-color":"","overlay-opacity":"","overlay-gradient":""}},"footnotes":""},"class_list":["post-218","page","type-page","status-publish","hentry"],"acf":[],"_links":{"self":[{"href":"https:\/\/fass.nus.edu.sg\/methods-school\/wp-json\/wp\/v2\/pages\/218","targetHints":{"allow":["GET"]}}],"collection":[{"href":"https:\/\/fass.nus.edu.sg\/methods-school\/wp-json\/wp\/v2\/pages"}],"about":[{"href":"https:\/\/fass.nus.edu.sg\/methods-school\/wp-json\/wp\/v2\/types\/page"}],"author":[{"embeddable":true,"href":"https:\/\/fass.nus.edu.sg\/methods-school\/wp-json\/wp\/v2\/users\/247"}],"replies":[{"embeddable":true,"href":"https:\/\/fass.nus.edu.sg\/methods-school\/wp-json\/wp\/v2\/comments?post=218"}],"version-history":[{"count":12,"href":"https:\/\/fass.nus.edu.sg\/methods-school\/wp-json\/wp\/v2\/pages\/218\/revisions"}],"predecessor-version":[{"id":2962,"href":"https:\/\/fass.nus.edu.sg\/methods-school\/wp-json\/wp\/v2\/pages\/218\/revisions\/2962"}],"wp:attachment":[{"href":"https:\/\/fass.nus.edu.sg\/methods-school\/wp-json\/wp\/v2\/media?parent=218"}],"curies":[{"name":"wp","href":"https:\/\/api.w.org\/{rel}","templated":true}]}}